{"id":3917,"date":"2022-08-23T05:12:20","date_gmt":"2022-08-23T05:12:20","guid":{"rendered":"https:\/\/demosites.io\/real-estate-agency\/?page_id=3917"},"modified":"2024-02-10T12:18:35","modified_gmt":"2024-02-10T12:18:35","slug":"home","status":"publish","type":"page","link":"https:\/\/valeslongueira.com\/gl\/","title":{"rendered":"Inicio"},"content":{"rendered":"<div data-elementor-type=\"wp-page\" data-elementor-id=\"3917\" class=\"elementor elementor-3917\">\n\t\t\t\t\t\t<section class=\"elementor-section elementor-top-section elementor-element elementor-element-7205359 elementor-section-full_width elementor-section-height-min-height elementor-section-height-default elementor-section-items-middle\" data-id=\"7205359\" data-element_type=\"section\" data-settings=\"{&quot;background_background&quot;:&quot;classic&quot;}\">\n\t\t\t\t\t\t\t<div class=\"elementor-background-overlay\"><\/div>\n\t\t\t\t\t\t\t<div class=\"elementor-container elementor-column-gap-default\">\n\t\t\t\t\t<div class=\"elementor-column elementor-col-100 elementor-top-column elementor-element elementor-element-2a1fd51\" data-id=\"2a1fd51\" data-element_type=\"column\">\n\t\t\t<div class=\"elementor-widget-wrap elementor-element-populated\">\n\t\t\t\t\t\t<section class=\"elementor-section elementor-inner-section elementor-element elementor-element-1a46abb elementor-section-boxed elementor-section-height-default elementor-section-height-default\" data-id=\"1a46abb\" data-element_type=\"section\">\n\t\t\t\t\t\t<div class=\"elementor-container elementor-column-gap-default\">\n\t\t\t\t\t<div class=\"elementor-column elementor-col-100 elementor-inner-column elementor-element elementor-element-51528e0\" data-id=\"51528e0\" data-element_type=\"column\">\n\t\t\t<div class=\"elementor-widget-wrap elementor-element-populated\">\n\t\t\t\t\t\t<div class=\"elementor-element elementor-element-a6ec583 elementor-widget elementor-widget-heading\" data-id=\"a6ec583\" data-element_type=\"widget\" data-widget_type=\"heading.default\">\n\t\t\t\t<div class=\"elementor-widget-container\">\n\t\t\t\t\t<h1 class=\"elementor-heading-title elementor-size-default\">Transportes Vales Longueira S.L.<\/h1>\t\t\t\t<\/div>\n\t\t\t\t<\/div>\n\t\t\t\t\t<\/div>\n\t\t<\/div>\n\t\t\t\t\t<\/div>\n\t\t<\/section>\n\t\t\t\t\t<\/div>\n\t\t<\/div>\n\t\t\t\t\t<\/div>\n\t\t<\/section>\n\t\t\t\t<section class=\"elementor-section elementor-top-section elementor-element elementor-element-e38b98e elementor-section-boxed elementor-section-height-default elementor-section-height-default\" data-id=\"e38b98e\" data-element_type=\"section\" data-settings=\"{&quot;background_background&quot;:&quot;classic&quot;}\">\n\t\t\t\t\t\t<div class=\"elementor-container elementor-column-gap-default\">\n\t\t\t\t\t<div class=\"elementor-column elementor-col-100 elementor-top-column elementor-element elementor-element-5908ca9\" data-id=\"5908ca9\" data-element_type=\"column\">\n\t\t\t<div class=\"elementor-widget-wrap elementor-element-populated\">\n\t\t\t\t\t\t<section class=\"elementor-section elementor-inner-section elementor-element elementor-element-22a0a6b elementor-section-content-middle elementor-section-boxed elementor-section-height-default elementor-section-height-default\" data-id=\"22a0a6b\" data-element_type=\"section\">\n\t\t\t\t\t\t<div class=\"elementor-container elementor-column-gap-default\">\n\t\t\t\t\t<div class=\"elementor-column elementor-col-100 elementor-inner-column elementor-element elementor-element-469b84f\" data-id=\"469b84f\" data-element_type=\"column\">\n\t\t\t<div class=\"elementor-widget-wrap\">\n\t\t\t\t\t\t\t<\/div>\n\t\t<\/div>\n\t\t\t\t\t<\/div>\n\t\t<\/section>\n\t\t\t\t\t<\/div>\n\t\t<\/div>\n\t\t\t\t\t<\/div>\n\t\t<\/section>\n\t\t\t\t<section class=\"elementor-section elementor-top-section elementor-element elementor-element-0eeb00e elementor-section-boxed elementor-section-height-default elementor-section-height-default\" data-id=\"0eeb00e\" data-element_type=\"section\">\n\t\t\t\t\t\t<div class=\"elementor-container elementor-column-gap-default\">\n\t\t\t\t\t<div class=\"elementor-column elementor-col-50 elementor-top-column elementor-element elementor-element-c9dd6a8\" data-id=\"c9dd6a8\" data-element_type=\"column\" data-settings=\"{&quot;background_background&quot;:&quot;classic&quot;}\">\n\t\t\t<div class=\"elementor-widget-wrap elementor-element-populated\">\n\t\t\t\t\t\t<div class=\"elementor-element elementor-element-db7d44d elementor-widget elementor-widget-image\" data-id=\"db7d44d\" data-element_type=\"widget\" data-widget_type=\"image.default\">\n\t\t\t\t<div class=\"elementor-widget-container\">\n\t\t\t\t\t\t\t\t\t\t\t\t\t\t\t<img fetchpriority=\"high\" decoding=\"async\" width=\"768\" height=\"1024\" src=\"https:\/\/valeslongueira.com\/wp-content\/uploads\/2024\/02\/TVL_Sol-768x1024-1.jpg\" class=\"attachment-large size-large wp-image-4354\" alt=\"\" srcset=\"https:\/\/valeslongueira.com\/wp-content\/uploads\/2024\/02\/TVL_Sol-768x1024-1.jpg 768w, https:\/\/valeslongueira.com\/wp-content\/uploads\/2024\/02\/TVL_Sol-768x1024-1-225x300.jpg 225w, https:\/\/valeslongueira.com\/wp-content\/uploads\/2024\/02\/TVL_Sol-768x1024-1-9x12.jpg 9w\" sizes=\"(max-width: 768px) 100vw, 768px\" \/>\t\t\t\t\t\t\t\t\t\t\t\t\t\t\t<\/div>\n\t\t\t\t<\/div>\n\t\t\t\t\t<\/div>\n\t\t<\/div>\n\t\t\t\t<div class=\"elementor-column elementor-col-50 elementor-top-column elementor-element elementor-element-bb643c9\" data-id=\"bb643c9\" data-element_type=\"column\">\n\t\t\t<div class=\"elementor-widget-wrap elementor-element-populated\">\n\t\t\t\t\t\t<div class=\"elementor-element elementor-element-18e7506 elementor-widget elementor-widget-heading\" data-id=\"18e7506\" data-element_type=\"widget\" data-widget_type=\"heading.default\">\n\t\t\t\t<div class=\"elementor-widget-container\">\n\t\t\t\t\t<h1 class=\"elementor-heading-title elementor-size-default\">Sobre Nosotros<\/h1>\t\t\t\t<\/div>\n\t\t\t\t<\/div>\n\t\t\t\t<div class=\"elementor-element elementor-element-e355d68 elementor-widget elementor-widget-heading\" data-id=\"e355d68\" data-element_type=\"widget\" data-widget_type=\"heading.default\">\n\t\t\t\t<div class=\"elementor-widget-container\">\n\t\t\t\t\t<span class=\"elementor-heading-title elementor-size-default\"><b>Transportes Vales Longueira<\/b> nace en el a\u00f1o 2015, formada por dos socios con una amplia experiencia en el mundo del transporte.\n\nNuestros or\u00edgenes comenzaron siendo una empresa de recogida de leche. Transport\u00e1ndola de las granjas hasta la f\u00e1brica. Posteriormente, la empresa fue en aumento, tanto as\u00ed que fuimos abriendo horizontes con rutas nuevas hacia Europa. <\/span>\t\t\t\t<\/div>\n\t\t\t\t<\/div>\n\t\t\t\t<div class=\"elementor-element elementor-element-a35c060 elementor-align-center elementor-widget elementor-widget-button\" data-id=\"a35c060\" data-element_type=\"widget\" data-widget_type=\"button.default\">\n\t\t\t\t<div class=\"elementor-widget-container\">\n\t\t\t\t\t\t\t\t\t<div class=\"elementor-button-wrapper\">\n\t\t\t\t\t<a class=\"elementor-button elementor-button-link elementor-size-md\" href=\"https:\/\/valeslongueira.com\/gl\/sobre_nosotros\/\">\n\t\t\t\t\t\t<span class=\"elementor-button-content-wrapper\">\n\t\t\t\t\t\t\t\t\t<span class=\"elementor-button-text\">M\u00e1s Informaci\u00f3n<\/span>\n\t\t\t\t\t<\/span>\n\t\t\t\t\t<\/a>\n\t\t\t\t<\/div>\n\t\t\t\t\t\t\t\t<\/div>\n\t\t\t\t<\/div>\n\t\t\t\t\t<\/div>\n\t\t<\/div>\n\t\t\t\t\t<\/div>\n\t\t<\/section>\n\t\t\t\t<section class=\"elementor-section elementor-top-section elementor-element elementor-element-f2396b7 elementor-section-boxed elementor-section-height-default elementor-section-height-default\" data-id=\"f2396b7\" data-element_type=\"section\" data-settings=\"{&quot;background_background&quot;:&quot;classic&quot;}\">\n\t\t\t\t\t\t<div class=\"elementor-container elementor-column-gap-default\">\n\t\t\t\t\t<div class=\"elementor-column elementor-col-100 elementor-top-column elementor-element elementor-element-33a09e6\" data-id=\"33a09e6\" data-element_type=\"column\">\n\t\t\t<div class=\"elementor-widget-wrap elementor-element-populated\">\n\t\t\t\t\t\t<div class=\"elementor-element elementor-element-a6fed49 elementor-widget elementor-widget-heading\" data-id=\"a6fed49\" data-element_type=\"widget\" data-widget_type=\"heading.default\">\n\t\t\t\t<div class=\"elementor-widget-container\">\n\t\t\t\t\t<h2 class=\"elementor-heading-title elementor-size-default\">O noso equipo<\/h2>\t\t\t\t<\/div>\n\t\t\t\t<\/div>\n\t\t\t\t<div class=\"elementor-element elementor-element-7211ef1 elementor-arrows-position-inside elementor-pagination-position-outside elementor-widget elementor-widget-image-carousel\" data-id=\"7211ef1\" data-element_type=\"widget\" data-settings=\"{&quot;slides_to_show&quot;:&quot;1&quot;,&quot;autoplay&quot;:&quot;no&quot;,&quot;effect&quot;:&quot;fade&quot;,&quot;navigation&quot;:&quot;both&quot;,&quot;infinite&quot;:&quot;yes&quot;,&quot;speed&quot;:500}\" data-widget_type=\"image-carousel.default\">\n\t\t\t\t<div class=\"elementor-widget-container\">\n\t\t\t\t\t\t\t<div class=\"elementor-image-carousel-wrapper swiper\" role=\"region\" aria-roledescription=\"carousel\" aria-label=\"Carrusel de imaxes\" dir=\"ltr\">\n\t\t\t<div class=\"elementor-image-carousel swiper-wrapper\" aria-live=\"polite\">\n\t\t\t\t\t\t\t\t<div class=\"swiper-slide\" role=\"group\" aria-roledescription=\"slide\" aria-label=\"1 de 5\"><figure class=\"swiper-slide-inner\"><img decoding=\"async\" class=\"swiper-slide-image\" src=\"https:\/\/valeslongueira.com\/wp-content\/uploads\/2024\/02\/feiraco-11-1024x576-1-768x432.jpg\" alt=\"feiraco-11-1024x576\" \/><\/figure><\/div><div class=\"swiper-slide\" role=\"group\" aria-roledescription=\"slide\" aria-label=\"2 de 5\"><figure class=\"swiper-slide-inner\"><img decoding=\"async\" class=\"swiper-slide-image\" src=\"https:\/\/valeslongueira.com\/wp-content\/uploads\/2024\/02\/RemolqueAzul-1536x691-1-768x346.jpeg\" alt=\"RemolqueAzul-1536x691\" \/><\/figure><\/div><div class=\"swiper-slide\" role=\"group\" aria-roledescription=\"slide\" aria-label=\"3 de 5\"><figure class=\"swiper-slide-inner\"><img decoding=\"async\" class=\"swiper-slide-image\" src=\"https:\/\/valeslongueira.com\/wp-content\/uploads\/2024\/02\/Camion_Rojo_ValesLongueira-1024x768-1-768x576.jpg\" alt=\"Camion_Rojo_ValesLongueira-1024x768\" \/><\/figure><\/div><div class=\"swiper-slide\" role=\"group\" aria-roledescription=\"slide\" aria-label=\"4 de 5\"><figure class=\"swiper-slide-inner\"><img decoding=\"async\" class=\"swiper-slide-image\" src=\"https:\/\/valeslongueira.com\/wp-content\/uploads\/2024\/02\/feiraco-10-1024x768-1-768x576.jpg\" alt=\"feiraco-10-1024x768\" \/><\/figure><\/div><div class=\"swiper-slide\" role=\"group\" aria-roledescription=\"slide\" aria-label=\"5 de 5\"><figure class=\"swiper-slide-inner\"><img decoding=\"async\" class=\"swiper-slide-image\" src=\"https:\/\/valeslongueira.com\/wp-content\/uploads\/2024\/02\/Camion_No-logo-2-1024x768-1-768x576.jpeg\" alt=\"Camion_No-logo-2-1024x768\" \/><\/figure><\/div>\t\t\t<\/div>\n\t\t\t\t\t\t\t\t\t\t\t\t<div class=\"elementor-swiper-button elementor-swiper-button-prev\" role=\"button\" tabindex=\"0\">\n\t\t\t\t\t\t<i aria-hidden=\"true\" class=\"eicon-chevron-left\"><\/i>\t\t\t\t\t<\/div>\n\t\t\t\t\t<div class=\"elementor-swiper-button elementor-swiper-button-next\" role=\"button\" tabindex=\"0\">\n\t\t\t\t\t\t<i aria-hidden=\"true\" class=\"eicon-chevron-right\"><\/i>\t\t\t\t\t<\/div>\n\t\t\t\t\n\t\t\t\t\t\t\t\t\t<div class=\"swiper-pagination\"><\/div>\n\t\t\t\t\t\t\t\t\t<\/div>\n\t\t\t\t\t\t<\/div>\n\t\t\t\t<\/div>\n\t\t\t\t\t<\/div>\n\t\t<\/div>\n\t\t\t\t\t<\/div>\n\t\t<\/section>\n\t\t\t\t<section class=\"elementor-section elementor-top-section elementor-element elementor-element-58cdbfd elementor-section-boxed elementor-section-height-default elementor-section-height-default\" data-id=\"58cdbfd\" data-element_type=\"section\">\n\t\t\t\t\t\t<div class=\"elementor-container elementor-column-gap-default\">\n\t\t\t\t\t<div class=\"elementor-column elementor-col-50 elementor-top-column elementor-element elementor-element-b0b4b21\" data-id=\"b0b4b21\" data-element_type=\"column\">\n\t\t\t<div class=\"elementor-widget-wrap elementor-element-populated\">\n\t\t\t\t\t\t<div class=\"elementor-element elementor-element-ac980d8 elementor-widget elementor-widget-heading\" data-id=\"ac980d8\" data-element_type=\"widget\" data-widget_type=\"heading.default\">\n\t\t\t\t<div class=\"elementor-widget-container\">\n\t\t\t\t\t<h1 class=\"elementor-heading-title elementor-size-default\">Contacto<\/h1>\t\t\t\t<\/div>\n\t\t\t\t<\/div>\n\t\t\t\t<div class=\"elementor-element elementor-element-358826a elementor-align-center elementor-widget elementor-widget-button\" data-id=\"358826a\" data-element_type=\"widget\" data-widget_type=\"button.default\">\n\t\t\t\t<div class=\"elementor-widget-container\">\n\t\t\t\t\t\t\t\t\t<div class=\"elementor-button-wrapper\">\n\t\t\t\t\t<a class=\"elementor-button elementor-button-link elementor-size-md\" href=\"https:\/\/valeslongueira.com\/gl\/contacto\/\">\n\t\t\t\t\t\t<span class=\"elementor-button-content-wrapper\">\n\t\t\t\t\t\t\t\t\t<span class=\"elementor-button-text\">Contacta con nosotros<\/span>\n\t\t\t\t\t<\/span>\n\t\t\t\t\t<\/a>\n\t\t\t\t<\/div>\n\t\t\t\t\t\t\t\t<\/div>\n\t\t\t\t<\/div>\n\t\t\t\t\t<\/div>\n\t\t<\/div>\n\t\t\t\t<div class=\"elementor-column elementor-col-50 elementor-top-column elementor-element elementor-element-67b3176\" data-id=\"67b3176\" data-element_type=\"column\" data-settings=\"{&quot;background_background&quot;:&quot;classic&quot;}\">\n\t\t\t<div class=\"elementor-widget-wrap elementor-element-populated\">\n\t\t\t\t\t\t<div class=\"elementor-element elementor-element-db125bc elementor-widget elementor-widget-image\" data-id=\"db125bc\" data-element_type=\"widget\" data-widget_type=\"image.default\">\n\t\t\t\t<div class=\"elementor-widget-container\">\n\t\t\t\t\t\t\t\t\t\t\t\t\t\t\t<img decoding=\"async\" width=\"1024\" height=\"768\" src=\"https:\/\/valeslongueira.com\/wp-content\/uploads\/2024\/02\/Camion_No-logo-2-1024x768-1.jpeg\" class=\"attachment-large size-large wp-image-4355\" alt=\"\" srcset=\"https:\/\/valeslongueira.com\/wp-content\/uploads\/2024\/02\/Camion_No-logo-2-1024x768-1.jpeg 1024w, https:\/\/valeslongueira.com\/wp-content\/uploads\/2024\/02\/Camion_No-logo-2-1024x768-1-300x225.jpeg 300w, https:\/\/valeslongueira.com\/wp-content\/uploads\/2024\/02\/Camion_No-logo-2-1024x768-1-768x576.jpeg 768w, https:\/\/valeslongueira.com\/wp-content\/uploads\/2024\/02\/Camion_No-logo-2-1024x768-1-16x12.jpeg 16w\" sizes=\"(max-width: 1024px) 100vw, 1024px\" \/>\t\t\t\t\t\t\t\t\t\t\t\t\t\t\t<\/div>\n\t\t\t\t<\/div>\n\t\t\t\t\t<\/div>\n\t\t<\/div>\n\t\t\t\t\t<\/div>\n\t\t<\/section>\n\t\t\t\t<\/div>","protected":false},"excerpt":{"rendered":"<p>Transportes Vales Longueira S.L. Sobre Nosotros Transportes Vales Longueira nace en el a\u00f1o 2015, formada por dos socios con una amplia experiencia en el mundo del transporte. Nuestros or\u00edgenes comenzaron siendo una empresa de recogida de leche. Transport\u00e1ndola de las granjas hasta la f\u00e1brica. Posteriormente, la empresa fue en aumento, tanto as\u00ed que fuimos abriendo&hellip;&nbsp;<a href=\"https:\/\/valeslongueira.com\/gl\/\" class=\"\" rel=\"bookmark\">Read More &raquo;<span class=\"screen-reader-text\">Inicio<\/span><\/a><\/p>","protected":false},"author":1,"featured_media":0,"parent":0,"menu_order":0,"comment_status":"closed","ping_status":"closed","template":"page-templates\/template-pagebuilder-full-width.php","meta":{"neve_meta_sidebar":"","neve_meta_container":"","neve_meta_enable_content_width":"","neve_meta_content_width":0,"neve_meta_title_alignment":"","neve_meta_author_avatar":"","neve_post_elements_order":"","neve_meta_disable_header":"off","neve_meta_disable_footer":"","neve_meta_disable_title":"on","neve_meta_reading_time":"","_ti_tpc_template_sync":false,"_ti_tpc_template_id":"moclpv4ujhpcykxxihld","footnotes":""},"yoast_head":"<!-- This site is optimized with the Yoast SEO plugin v23.0 - https:\/\/yoast.com\/wordpress\/plugins\/seo\/ -->\n<title>Transportes Vales Longueira S.L.<\/title>\n<meta name=\"description\" content=\"En Transportes Vales Longueira, apostamos por el uso de las tecnolog\u00edas m\u00e1s avanzadas en nuestro d\u00eda a d\u00eda. Todos nuestros veh\u00edculos est\u00e1n geolocalizados.\" \/>\n<meta name=\"robots\" content=\"index, follow, max-snippet:-1, max-image-preview:large, max-video-preview:-1\" \/>\n<link rel=\"canonical\" href=\"https:\/\/valeslongueira.com\/gl\/\" \/>\n<meta property=\"og:locale\" content=\"gl_ES\" \/>\n<meta property=\"og:type\" content=\"article\" \/>\n<meta property=\"og:title\" content=\"Transportes Vales Longueira S.L.\" \/>\n<meta property=\"og:description\" content=\"En Transportes Vales Longueira, apostamos por el uso de las tecnolog\u00edas m\u00e1s avanzadas en nuestro d\u00eda a d\u00eda. Todos nuestros veh\u00edculos est\u00e1n geolocalizados.\" \/>\n<meta property=\"og:url\" content=\"https:\/\/valeslongueira.com\/gl\/\" \/>\n<meta property=\"og:site_name\" content=\"TVL\" \/>\n<meta property=\"article:publisher\" content=\"https:\/\/www.facebook.com\/profile.php?id=100057184070586\" \/>\n<meta property=\"article:modified_time\" content=\"2024-02-10T12:18:35+00:00\" \/>\n<meta property=\"og:image\" content=\"http:\/\/valeslongueira.com\/wp-content\/uploads\/2024\/02\/TVL_Sol-768x1024-1.jpg\" \/>\n<meta name=\"twitter:card\" content=\"summary_large_image\" \/>\n<meta name=\"twitter:label1\" content=\"Tempo de lectura\" \/>\n\t<meta name=\"twitter:data1\" content=\"3 minutos\" \/>\n<script type=\"application\/ld+json\" class=\"yoast-schema-graph\">{\"@context\":\"https:\/\/schema.org\",\"@graph\":[{\"@type\":\"WebPage\",\"@id\":\"https:\/\/valeslongueira.com\/\",\"url\":\"https:\/\/valeslongueira.com\/\",\"name\":\"Transportes Vales Longueira S.L.\",\"isPartOf\":{\"@id\":\"https:\/\/valeslongueira.com\/#website\"},\"primaryImageOfPage\":{\"@id\":\"https:\/\/valeslongueira.com\/#primaryimage\"},\"image\":{\"@id\":\"https:\/\/valeslongueira.com\/#primaryimage\"},\"thumbnailUrl\":\"http:\/\/valeslongueira.com\/wp-content\/uploads\/2024\/02\/TVL_Sol-768x1024-1.jpg\",\"datePublished\":\"2022-08-23T05:12:20+00:00\",\"dateModified\":\"2024-02-10T12:18:35+00:00\",\"description\":\"En Transportes Vales Longueira, apostamos por el uso de las tecnolog\u00edas m\u00e1s avanzadas en nuestro d\u00eda a d\u00eda. Todos nuestros veh\u00edculos est\u00e1n geolocalizados.\",\"breadcrumb\":{\"@id\":\"https:\/\/valeslongueira.com\/#breadcrumb\"},\"inLanguage\":\"gl-ES\",\"potentialAction\":[{\"@type\":\"ReadAction\",\"target\":[\"https:\/\/valeslongueira.com\/\"]}]},{\"@type\":\"ImageObject\",\"inLanguage\":\"gl-ES\",\"@id\":\"https:\/\/valeslongueira.com\/#primaryimage\",\"url\":\"http:\/\/valeslongueira.com\/wp-content\/uploads\/2024\/02\/TVL_Sol-768x1024-1.jpg\",\"contentUrl\":\"http:\/\/valeslongueira.com\/wp-content\/uploads\/2024\/02\/TVL_Sol-768x1024-1.jpg\"},{\"@type\":\"BreadcrumbList\",\"@id\":\"https:\/\/valeslongueira.com\/#breadcrumb\",\"itemListElement\":[{\"@type\":\"ListItem\",\"position\":1,\"name\":\"Portada\",\"item\":\"https:\/\/valeslongueira.com\/\"},{\"@type\":\"ListItem\",\"position\":2,\"name\":\"Inicio\"}]},{\"@type\":\"WebSite\",\"@id\":\"https:\/\/valeslongueira.com\/#website\",\"url\":\"https:\/\/valeslongueira.com\/\",\"name\":\"TVL\",\"description\":\"Transportes Vales Longueira S.L.\",\"publisher\":{\"@id\":\"https:\/\/valeslongueira.com\/#\/schema\/person\/1ccd260c84114a52d50214ecb6693a9d\"},\"potentialAction\":[{\"@type\":\"SearchAction\",\"target\":{\"@type\":\"EntryPoint\",\"urlTemplate\":\"https:\/\/valeslongueira.com\/?s={search_term_string}\"},\"query-input\":\"required name=search_term_string\"}],\"inLanguage\":\"gl-ES\"},{\"@type\":[\"Person\",\"Organization\"],\"@id\":\"https:\/\/valeslongueira.com\/#\/schema\/person\/1ccd260c84114a52d50214ecb6693a9d\",\"name\":\"Carlos Rey\",\"image\":{\"@type\":\"ImageObject\",\"inLanguage\":\"gl-ES\",\"@id\":\"https:\/\/valeslongueira.com\/#\/schema\/person\/image\/\",\"url\":\"http:\/\/valeslongueira.com\/wp-content\/uploads\/2023\/04\/logo_pancho.png\",\"contentUrl\":\"http:\/\/valeslongueira.com\/wp-content\/uploads\/2023\/04\/logo_pancho.png\",\"width\":357,\"height\":144,\"caption\":\"Carlos Rey\"},\"logo\":{\"@id\":\"https:\/\/valeslongueira.com\/#\/schema\/person\/image\/\"},\"sameAs\":[\"https:\/\/valeslongueira.com\",\"https:\/\/www.facebook.com\/profile.php?id=100057184070586\"]}]}<\/script>\n<!-- \/ Yoast SEO plugin. -->","yoast_head_json":{"title":"Transportes Vales Longueira S.L.","description":"En Transportes Vales Longueira, apostamos por el uso de las tecnolog\u00edas m\u00e1s avanzadas en nuestro d\u00eda a d\u00eda. Todos nuestros veh\u00edculos est\u00e1n geolocalizados.","robots":{"index":"index","follow":"follow","max-snippet":"max-snippet:-1","max-image-preview":"max-image-preview:large","max-video-preview":"max-video-preview:-1"},"canonical":"https:\/\/valeslongueira.com\/gl\/","og_locale":"gl_ES","og_type":"article","og_title":"Transportes Vales Longueira S.L.","og_description":"En Transportes Vales Longueira, apostamos por el uso de las tecnolog\u00edas m\u00e1s avanzadas en nuestro d\u00eda a d\u00eda. Todos nuestros veh\u00edculos est\u00e1n geolocalizados.","og_url":"https:\/\/valeslongueira.com\/gl\/","og_site_name":"TVL","article_publisher":"https:\/\/www.facebook.com\/profile.php?id=100057184070586","article_modified_time":"2024-02-10T12:18:35+00:00","og_image":[{"url":"http:\/\/valeslongueira.com\/wp-content\/uploads\/2024\/02\/TVL_Sol-768x1024-1.jpg"}],"twitter_card":"summary_large_image","twitter_misc":{"Tempo de lectura":"3 minutos"},"schema":{"@context":"https:\/\/schema.org","@graph":[{"@type":"WebPage","@id":"https:\/\/valeslongueira.com\/","url":"https:\/\/valeslongueira.com\/","name":"Transportes Vales Longueira S.L.","isPartOf":{"@id":"https:\/\/valeslongueira.com\/#website"},"primaryImageOfPage":{"@id":"https:\/\/valeslongueira.com\/#primaryimage"},"image":{"@id":"https:\/\/valeslongueira.com\/#primaryimage"},"thumbnailUrl":"http:\/\/valeslongueira.com\/wp-content\/uploads\/2024\/02\/TVL_Sol-768x1024-1.jpg","datePublished":"2022-08-23T05:12:20+00:00","dateModified":"2024-02-10T12:18:35+00:00","description":"En Transportes Vales Longueira, apostamos por el uso de las tecnolog\u00edas m\u00e1s avanzadas en nuestro d\u00eda a d\u00eda. Todos nuestros veh\u00edculos est\u00e1n geolocalizados.","breadcrumb":{"@id":"https:\/\/valeslongueira.com\/#breadcrumb"},"inLanguage":"gl-ES","potentialAction":[{"@type":"ReadAction","target":["https:\/\/valeslongueira.com\/"]}]},{"@type":"ImageObject","inLanguage":"gl-ES","@id":"https:\/\/valeslongueira.com\/#primaryimage","url":"http:\/\/valeslongueira.com\/wp-content\/uploads\/2024\/02\/TVL_Sol-768x1024-1.jpg","contentUrl":"http:\/\/valeslongueira.com\/wp-content\/uploads\/2024\/02\/TVL_Sol-768x1024-1.jpg"},{"@type":"BreadcrumbList","@id":"https:\/\/valeslongueira.com\/#breadcrumb","itemListElement":[{"@type":"ListItem","position":1,"name":"Portada","item":"https:\/\/valeslongueira.com\/"},{"@type":"ListItem","position":2,"name":"Inicio"}]},{"@type":"WebSite","@id":"https:\/\/valeslongueira.com\/#website","url":"https:\/\/valeslongueira.com\/","name":"TVL","description":"Transportes Vales Longueira S.L.","publisher":{"@id":"https:\/\/valeslongueira.com\/#\/schema\/person\/1ccd260c84114a52d50214ecb6693a9d"},"potentialAction":[{"@type":"SearchAction","target":{"@type":"EntryPoint","urlTemplate":"https:\/\/valeslongueira.com\/?s={search_term_string}"},"query-input":"required name=search_term_string"}],"inLanguage":"gl-ES"},{"@type":["Person","Organization"],"@id":"https:\/\/valeslongueira.com\/#\/schema\/person\/1ccd260c84114a52d50214ecb6693a9d","name":"Carlos Rey","image":{"@type":"ImageObject","inLanguage":"gl-ES","@id":"https:\/\/valeslongueira.com\/#\/schema\/person\/image\/","url":"http:\/\/valeslongueira.com\/wp-content\/uploads\/2023\/04\/logo_pancho.png","contentUrl":"http:\/\/valeslongueira.com\/wp-content\/uploads\/2023\/04\/logo_pancho.png","width":357,"height":144,"caption":"Carlos Rey"},"logo":{"@id":"https:\/\/valeslongueira.com\/#\/schema\/person\/image\/"},"sameAs":["https:\/\/valeslongueira.com","https:\/\/www.facebook.com\/profile.php?id=100057184070586"]}]}},"_links":{"self":[{"href":"https:\/\/valeslongueira.com\/gl\/wp-json\/wp\/v2\/pages\/3917"}],"collection":[{"href":"https:\/\/valeslongueira.com\/gl\/wp-json\/wp\/v2\/pages"}],"about":[{"href":"https:\/\/valeslongueira.com\/gl\/wp-json\/wp\/v2\/types\/page"}],"author":[{"embeddable":true,"href":"https:\/\/valeslongueira.com\/gl\/wp-json\/wp\/v2\/users\/1"}],"replies":[{"embeddable":true,"href":"https:\/\/valeslongueira.com\/gl\/wp-json\/wp\/v2\/comments?post=3917"}],"version-history":[{"count":61,"href":"https:\/\/valeslongueira.com\/gl\/wp-json\/wp\/v2\/pages\/3917\/revisions"}],"predecessor-version":[{"id":4386,"href":"https:\/\/valeslongueira.com\/gl\/wp-json\/wp\/v2\/pages\/3917\/revisions\/4386"}],"wp:attachment":[{"href":"https:\/\/valeslongueira.com\/gl\/wp-json\/wp\/v2\/media?parent=3917"}],"curies":[{"name":"wp","href":"https:\/\/api.w.org\/{rel}","templated":true}]}}