{"id":3921,"date":"2022-08-26T03:18:45","date_gmt":"2022-08-26T03:18:45","guid":{"rendered":"https:\/\/demosites.io\/real-estate-agency\/?page_id=3921"},"modified":"2024-02-10T12:05:41","modified_gmt":"2024-02-10T12:05:41","slug":"sobre_nosotros","status":"publish","type":"page","link":"https:\/\/valeslongueira.com\/gl\/sobre_nosotros\/","title":{"rendered":"Sobre n\u00f3s"},"content":{"rendered":"<div data-elementor-type=\"wp-page\" data-elementor-id=\"3921\" class=\"elementor elementor-3921\">\n\t\t\t\t\t\t<section class=\"elementor-section elementor-top-section elementor-element elementor-element-b360eec elementor-section-boxed elementor-section-height-default elementor-section-height-default\" data-id=\"b360eec\" data-element_type=\"section\" data-settings=\"{&quot;background_background&quot;:&quot;classic&quot;}\">\n\t\t\t\t\t\t\t<div class=\"elementor-background-overlay\"><\/div>\n\t\t\t\t\t\t\t<div class=\"elementor-container elementor-column-gap-default\">\n\t\t\t\t\t<div class=\"elementor-column elementor-col-100 elementor-top-column elementor-element elementor-element-5bcdd75\" data-id=\"5bcdd75\" data-element_type=\"column\">\n\t\t\t<div class=\"elementor-widget-wrap elementor-element-populated\">\n\t\t\t\t\t\t<section class=\"elementor-section elementor-inner-section elementor-element elementor-element-7a1a692 elementor-section-content-middle elementor-section-boxed elementor-section-height-default elementor-section-height-default\" data-id=\"7a1a692\" data-element_type=\"section\">\n\t\t\t\t\t\t<div class=\"elementor-container elementor-column-gap-default\">\n\t\t\t\t\t<div class=\"elementor-column elementor-col-50 elementor-inner-column elementor-element elementor-element-c9292eb\" data-id=\"c9292eb\" data-element_type=\"column\" data-settings=\"{&quot;background_background&quot;:&quot;classic&quot;}\">\n\t\t\t<div class=\"elementor-widget-wrap elementor-element-populated\">\n\t\t\t\t\t\t<div class=\"elementor-element elementor-element-e31233d elementor-widget elementor-widget-image\" data-id=\"e31233d\" data-element_type=\"widget\" data-widget_type=\"image.default\">\n\t\t\t\t<div class=\"elementor-widget-container\">\n\t\t\t\t\t\t\t\t\t\t\t\t\t\t\t<img fetchpriority=\"high\" decoding=\"async\" width=\"768\" height=\"1024\" src=\"https:\/\/valeslongueira.com\/wp-content\/uploads\/2024\/02\/TVL_Sol-768x1024-1.jpg\" class=\"attachment-large size-large wp-image-4354\" alt=\"\" srcset=\"https:\/\/valeslongueira.com\/wp-content\/uploads\/2024\/02\/TVL_Sol-768x1024-1.jpg 768w, https:\/\/valeslongueira.com\/wp-content\/uploads\/2024\/02\/TVL_Sol-768x1024-1-225x300.jpg 225w, https:\/\/valeslongueira.com\/wp-content\/uploads\/2024\/02\/TVL_Sol-768x1024-1-9x12.jpg 9w\" sizes=\"(max-width: 768px) 100vw, 768px\" \/>\t\t\t\t\t\t\t\t\t\t\t\t\t\t\t<\/div>\n\t\t\t\t<\/div>\n\t\t\t\t\t<\/div>\n\t\t<\/div>\n\t\t\t\t<div class=\"elementor-column elementor-col-50 elementor-inner-column elementor-element elementor-element-a0ff962\" data-id=\"a0ff962\" data-element_type=\"column\">\n\t\t\t<div class=\"elementor-widget-wrap elementor-element-populated\">\n\t\t\t\t\t\t<div class=\"elementor-element elementor-element-043019e elementor-widget elementor-widget-heading\" data-id=\"043019e\" data-element_type=\"widget\" data-widget_type=\"heading.default\">\n\t\t\t\t<div class=\"elementor-widget-container\">\n\t\t\t\t\t<h1 class=\"elementor-heading-title elementor-size-default\">A nosa historia<\/h1>\t\t\t\t<\/div>\n\t\t\t\t<\/div>\n\t\t\t\t<div class=\"elementor-element elementor-element-03857f4 elementor-widget elementor-widget-heading\" data-id=\"03857f4\" data-element_type=\"widget\" data-widget_type=\"heading.default\">\n\t\t\t\t<div class=\"elementor-widget-container\">\n\t\t\t\t\t<span class=\"elementor-heading-title elementor-size-default\"><b>Transportes Vales Longueira<\/b> naceu en 2015, formada por dous socios con ampla experiencia no mundo do transporte.\n\nAs nosas orixes comezaron como unha empresa de recollida de leite. Transport\u00e1ndoo dende as granxas ata a f\u00e1brica. Posteriormente, a compa\u00f1\u00eda creceu, tanto que abrimos horizontes con novas rutas cara a Europa.\n\nContamos cunha flota de cami\u00f3ns totalmente nova en cabezas tractoras e semirremolques e apostamos a diario polas novas tecnolox\u00edas.\n\nSomos unha empresa nova cun equipo novo con ganas de traballar e dar o mellor servizo posible, para que os nosos clientes estean satisfeitos en todo momento, d\u00e1ndolles respostas e soluci\u00f3ns \u00e1s s\u00faas inquietudes e necesidades lox\u00edsticas.\n\nCo paso do tempo, consolid\u00e1monos como unha empresa innovadora e profesional, ga\u00f1\u00e1ndonos a confianza dos nosos clientes e incrementando as\u00ed cada ano a nosa carteira de clientes, xa que aportamos soluci\u00f3ns inmediatas \u00e1s necesidades dos consumidores, dando respostas no momento coas entregas. mercador\u00eda en bo estado.<\/span>\t\t\t\t<\/div>\n\t\t\t\t<\/div>\n\t\t\t\t\t<\/div>\n\t\t<\/div>\n\t\t\t\t\t<\/div>\n\t\t<\/section>\n\t\t\t\t<section class=\"elementor-section elementor-inner-section elementor-element elementor-element-4abcf9d elementor-section-content-middle elementor-section-boxed elementor-section-height-default elementor-section-height-default\" data-id=\"4abcf9d\" data-element_type=\"section\">\n\t\t\t\t\t\t<div class=\"elementor-container elementor-column-gap-default\">\n\t\t\t\t\t<div class=\"elementor-column elementor-col-50 elementor-inner-column elementor-element elementor-element-3e72881\" data-id=\"3e72881\" data-element_type=\"column\">\n\t\t\t<div class=\"elementor-widget-wrap elementor-element-populated\">\n\t\t\t\t\t\t<div class=\"elementor-element elementor-element-45bc275 elementor-widget elementor-widget-heading\" data-id=\"45bc275\" data-element_type=\"widget\" data-widget_type=\"heading.default\">\n\t\t\t\t<div class=\"elementor-widget-container\">\n\t\t\t\t\t<h2 class=\"elementor-heading-title elementor-size-default\">Sempre apostando pola calidade<\/h2>\t\t\t\t<\/div>\n\t\t\t\t<\/div>\n\t\t\t\t<div class=\"elementor-element elementor-element-ca4c116 elementor-widget elementor-widget-heading\" data-id=\"ca4c116\" data-element_type=\"widget\" data-widget_type=\"heading.default\">\n\t\t\t\t<div class=\"elementor-widget-container\">\n\t\t\t\t\t<span class=\"elementor-heading-title elementor-size-default\">Dende <b>Transportes Vales Longueira<\/b>, apostamos polo uso das tecnolox\u00edas m\u00e1is avanzadas na nosa vida diaria.\n\nTodos os nosos veh\u00edculos contan cun avanzado sistema de xeolocalizaci\u00f3n GPS que nos permite telos localizados en todo momento e as\u00ed poder xestionar de forma m\u00e1is eficiente as nosas rutas e ofrecer aos nosos clientes informaci\u00f3n en tempo real sobre a localizaci\u00f3n da s\u00faa mercador\u00eda.\n\nTam\u00e9n contamos cun sistema de \u00faltima xeraci\u00f3n para o lavado dos nosos dep\u00f3sitos de l\u00edquidos, garantindo as\u00ed o correcto transporte das materias primas dos nosos clientes.<\/span>\t\t\t\t<\/div>\n\t\t\t\t<\/div>\n\t\t\t\t\t<\/div>\n\t\t<\/div>\n\t\t\t\t<div class=\"elementor-column elementor-col-50 elementor-inner-column elementor-element elementor-element-e5ed203\" data-id=\"e5ed203\" data-element_type=\"column\" data-settings=\"{&quot;background_background&quot;:&quot;classic&quot;}\">\n\t\t\t<div class=\"elementor-widget-wrap elementor-element-populated\">\n\t\t\t\t\t\t<div class=\"elementor-element elementor-element-d044835 elementor-widget elementor-widget-image\" data-id=\"d044835\" data-element_type=\"widget\" data-widget_type=\"image.default\">\n\t\t\t\t<div class=\"elementor-widget-container\">\n\t\t\t\t\t\t\t\t\t\t\t\t\t\t\t<img decoding=\"async\" width=\"150\" height=\"150\" src=\"https:\/\/valeslongueira.com\/wp-content\/uploads\/2024\/02\/feiraco-11-1024x576-1-150x150.jpg\" class=\"attachment-thumbnail size-thumbnail wp-image-4358\" alt=\"\" \/>\t\t\t\t\t\t\t\t\t\t\t\t\t\t\t<\/div>\n\t\t\t\t<\/div>\n\t\t\t\t<div class=\"elementor-element elementor-element-e0b8f98 elementor-widget elementor-widget-image\" data-id=\"e0b8f98\" data-element_type=\"widget\" data-widget_type=\"image.default\">\n\t\t\t\t<div class=\"elementor-widget-container\">\n\t\t\t\t\t\t\t\t\t\t\t\t\t\t\t<img decoding=\"async\" width=\"150\" height=\"150\" src=\"https:\/\/valeslongueira.com\/wp-content\/uploads\/2024\/02\/Camion_Rojo_ValesLongueira-1024x768-1-150x150.jpg\" class=\"attachment-thumbnail size-thumbnail wp-image-4356\" alt=\"\" \/>\t\t\t\t\t\t\t\t\t\t\t\t\t\t\t<\/div>\n\t\t\t\t<\/div>\n\t\t\t\t<div class=\"elementor-element elementor-element-b307cde elementor-widget elementor-widget-image\" data-id=\"b307cde\" data-element_type=\"widget\" data-widget_type=\"image.default\">\n\t\t\t\t<div class=\"elementor-widget-container\">\n\t\t\t\t\t\t\t\t\t\t\t\t\t\t\t<img loading=\"lazy\" decoding=\"async\" width=\"150\" height=\"150\" src=\"https:\/\/valeslongueira.com\/wp-content\/uploads\/2024\/02\/RemolqueAzul-1536x691-1-150x150.jpeg\" class=\"attachment-thumbnail size-thumbnail wp-image-4359\" alt=\"\" \/>\t\t\t\t\t\t\t\t\t\t\t\t\t\t\t<\/div>\n\t\t\t\t<\/div>\n\t\t\t\t<div class=\"elementor-element elementor-element-c5dc393 elementor-widget elementor-widget-image\" data-id=\"c5dc393\" data-element_type=\"widget\" data-widget_type=\"image.default\">\n\t\t\t\t<div class=\"elementor-widget-container\">\n\t\t\t\t\t\t\t\t\t\t\t\t\t\t\t<img loading=\"lazy\" decoding=\"async\" width=\"150\" height=\"150\" src=\"https:\/\/valeslongueira.com\/wp-content\/uploads\/2024\/02\/Camion_No-logo-2-1024x768-1-150x150.jpeg\" class=\"attachment-thumbnail size-thumbnail wp-image-4355\" alt=\"\" \/>\t\t\t\t\t\t\t\t\t\t\t\t\t\t\t<\/div>\n\t\t\t\t<\/div>\n\t\t\t\t\t<\/div>\n\t\t<\/div>\n\t\t\t\t\t<\/div>\n\t\t<\/section>\n\t\t\t\t\t<\/div>\n\t\t<\/div>\n\t\t\t\t\t<\/div>\n\t\t<\/section>\n\t\t\t\t<section class=\"elementor-section elementor-top-section elementor-element elementor-element-7bbb6a3 elementor-section-boxed elementor-section-height-default elementor-section-height-default\" data-id=\"7bbb6a3\" data-element_type=\"section\" data-settings=\"{&quot;background_background&quot;:&quot;classic&quot;}\">\n\t\t\t\t\t\t\t<div class=\"elementor-background-overlay\"><\/div>\n\t\t\t\t\t\t\t<div class=\"elementor-container elementor-column-gap-default\">\n\t\t\t\t\t<div class=\"elementor-column elementor-col-100 elementor-top-column elementor-element elementor-element-7386931\" data-id=\"7386931\" data-element_type=\"column\">\n\t\t\t<div class=\"elementor-widget-wrap elementor-element-populated\">\n\t\t\t\t\t\t<section class=\"elementor-section elementor-inner-section elementor-element elementor-element-677b4ff elementor-section-content-middle elementor-section-boxed elementor-section-height-default elementor-section-height-default\" data-id=\"677b4ff\" data-element_type=\"section\">\n\t\t\t\t\t\t<div class=\"elementor-container elementor-column-gap-default\">\n\t\t\t\t\t<div class=\"elementor-column elementor-col-50 elementor-inner-column elementor-element elementor-element-c60c174\" data-id=\"c60c174\" data-element_type=\"column\">\n\t\t\t<div class=\"elementor-widget-wrap elementor-element-populated\">\n\t\t\t\t\t\t<div class=\"elementor-element elementor-element-00afa14 elementor-widget elementor-widget-heading\" data-id=\"00afa14\" data-element_type=\"widget\" data-widget_type=\"heading.default\">\n\t\t\t\t<div class=\"elementor-widget-container\">\n\t\t\t\t\t<h2 class=\"elementor-heading-title elementor-size-default\">Reparto urxente<\/h2>\t\t\t\t<\/div>\n\t\t\t\t<\/div>\n\t\t\t\t<div class=\"elementor-element elementor-element-7e97b32 elementor-widget elementor-widget-heading\" data-id=\"7e97b32\" data-element_type=\"widget\" data-widget_type=\"heading.default\">\n\t\t\t\t<div class=\"elementor-widget-container\">\n\t\t\t\t\t<span class=\"elementor-heading-title elementor-size-default\">Servizo de urxencias que facemos con furgonetas que prestan todo tipo de servizo urxente aos nosos clientes a nivel Auton\u00f3mico, este servizo est\u00e1 enfocado ao servizo de medicamentos, paquetes urxentes que te\u00f1en que ser entregados na Comunidade Galega nun prazo de entrega r\u00e9cord.<\/span>\t\t\t\t<\/div>\n\t\t\t\t<\/div>\n\t\t\t\t<div class=\"elementor-element elementor-element-c58e4e5 elementor-widget elementor-widget-heading\" data-id=\"c58e4e5\" data-element_type=\"widget\" data-widget_type=\"heading.default\">\n\t\t\t\t<div class=\"elementor-widget-container\">\n\t\t\t\t\t<h2 class=\"elementor-heading-title elementor-size-default\">Transporte nacional<\/h2>\t\t\t\t<\/div>\n\t\t\t\t<\/div>\n\t\t\t\t<div class=\"elementor-element elementor-element-9e0d92b elementor-widget elementor-widget-heading\" data-id=\"9e0d92b\" data-element_type=\"widget\" data-widget_type=\"heading.default\">\n\t\t\t\t<div class=\"elementor-widget-container\">\n\t\t\t\t\t<span class=\"elementor-heading-title elementor-size-default\">Disponemos de rutas nacionales que nos llevan por toda la geograf\u00eda espa\u00f1ola. Una gesti\u00f3n eficaz de las rutas y una muy buena planificaci\u00f3n de las mismas nos convierte en una de las mejores opciones para dar soluci\u00f3n a tu log\u00edstica.<\/span>\t\t\t\t<\/div>\n\t\t\t\t<\/div>\n\t\t\t\t\t<\/div>\n\t\t<\/div>\n\t\t\t\t<div class=\"elementor-column elementor-col-50 elementor-inner-column elementor-element elementor-element-f25e6e6\" data-id=\"f25e6e6\" data-element_type=\"column\">\n\t\t\t<div class=\"elementor-widget-wrap elementor-element-populated\">\n\t\t\t\t\t\t<div class=\"elementor-element elementor-element-dc7a4eb elementor-widget elementor-widget-heading\" data-id=\"dc7a4eb\" data-element_type=\"widget\" data-widget_type=\"heading.default\">\n\t\t\t\t<div class=\"elementor-widget-container\">\n\t\t\t\t\t<h2 class=\"elementor-heading-title elementor-size-default\">R\u00edxido con porta elevadora<\/h2>\t\t\t\t<\/div>\n\t\t\t\t<\/div>\n\t\t\t\t<div class=\"elementor-element elementor-element-63edb5a elementor-widget elementor-widget-heading\" data-id=\"63edb5a\" data-element_type=\"widget\" data-widget_type=\"heading.default\">\n\t\t\t\t<div class=\"elementor-widget-container\">\n\t\t\t\t\t<span class=\"elementor-heading-title elementor-size-default\">Tam\u00e9n temos un r\u00edxido con porta elevadora para o servizo de transporte rexional, para entregas a cidades onde o acceso est\u00e1 limitado a cami\u00f3ns grandes.<\/span>\t\t\t\t<\/div>\n\t\t\t\t<\/div>\n\t\t\t\t<div class=\"elementor-element elementor-element-8b80131 elementor-widget elementor-widget-heading\" data-id=\"8b80131\" data-element_type=\"widget\" data-widget_type=\"heading.default\">\n\t\t\t\t<div class=\"elementor-widget-container\">\n\t\t\t\t\t<h2 class=\"elementor-heading-title elementor-size-default\">Transporte internacional<\/h2>\t\t\t\t<\/div>\n\t\t\t\t<\/div>\n\t\t\t\t<div class=\"elementor-element elementor-element-7ec75e0 elementor-widget elementor-widget-heading\" data-id=\"7ec75e0\" data-element_type=\"widget\" data-widget_type=\"heading.default\">\n\t\t\t\t<div class=\"elementor-widget-container\">\n\t\t\t\t\t<span class=\"elementor-heading-title elementor-size-default\">Despois de varios anos prestando servizos lox\u00edsticos en Galicia e no resto de Espa\u00f1a, decidimos dar o salto ao resto de Europa. Os nosos cami\u00f3ns potentes e tecnol\u00f3xicos l\u00e9vannos a calquera punto onde necesites os nosos servizos.<\/span>\t\t\t\t<\/div>\n\t\t\t\t<\/div>\n\t\t\t\t\t<\/div>\n\t\t<\/div>\n\t\t\t\t\t<\/div>\n\t\t<\/section>\n\t\t\t\t<div class=\"elementor-element elementor-element-204beee elementor-widget elementor-widget-heading\" data-id=\"204beee\" data-element_type=\"widget\" data-widget_type=\"heading.default\">\n\t\t\t\t<div class=\"elementor-widget-container\">\n\t\t\t\t\t<span class=\"elementor-heading-title elementor-size-default\">Somos Carpinter\u00eda Rey, unha empresa especializada en traballos e dese\u00f1os en madeira dende 1970. Caracter\u00edzanos a profesionalidade e o trato pr\u00f3ximo co cliente. <\/span>\t\t\t\t<\/div>\n\t\t\t\t<\/div>\n\t\t\t\t\t<\/div>\n\t\t<\/div>\n\t\t\t\t\t<\/div>\n\t\t<\/section>\n\t\t\t\t<\/div>","protected":false},"excerpt":{"rendered":"<p>Nuestra historia Transportes Vales Longueira nace en el a\u00f1o 2015, formada por dos socios con una amplia experiencia en el mundo del transporte. Nuestros or\u00edgenes comenzaron siendo una empresa de recogida de leche. Transport\u00e1ndola de las granjas hasta la f\u00e1brica. Posteriormente, la empresa fue en aumento, tanto as\u00ed que fuimos abriendo horizontes con rutas nuevas&hellip;&nbsp;<a href=\"https:\/\/valeslongueira.com\/gl\/sobre_nosotros\/\" class=\"\" rel=\"bookmark\">Read More &raquo;<span class=\"screen-reader-text\">Sobre n\u00f3s<\/span><\/a><\/p>","protected":false},"author":1,"featured_media":0,"parent":0,"menu_order":1,"comment_status":"closed","ping_status":"closed","template":"","meta":{"neve_meta_sidebar":"","neve_meta_container":"","neve_meta_enable_content_width":"","neve_meta_content_width":0,"neve_meta_title_alignment":"","neve_meta_author_avatar":"","neve_post_elements_order":"","neve_meta_disable_header":"","neve_meta_disable_footer":"","neve_meta_disable_title":"","neve_meta_reading_time":"","_ti_tpc_template_sync":false,"_ti_tpc_template_id":"jbrb6vpv1m3hqglrbca0","footnotes":""},"yoast_head":"<!-- This site is optimized with the Yoast SEO plugin v23.0 - https:\/\/yoast.com\/wordpress\/plugins\/seo\/ -->\n<title>Transportes Vales Longueira S.L. - Sobre nosotros<\/title>\n<meta name=\"description\" content=\"En Transportes Vales Longueira, apostamos por el uso de las tecnolog\u00edas m\u00e1s avanzadas en nuestro d\u00eda a d\u00eda. Todos nuestros veh\u00edculos est\u00e1n geolocalizados.\" \/>\n<meta name=\"robots\" content=\"index, follow, max-snippet:-1, max-image-preview:large, max-video-preview:-1\" \/>\n<link rel=\"canonical\" href=\"https:\/\/valeslongueira.com\/gl\/sobre_nosotros\/\" \/>\n<meta property=\"og:locale\" content=\"gl_ES\" \/>\n<meta property=\"og:type\" content=\"article\" \/>\n<meta property=\"og:title\" content=\"Transportes Vales Longueira S.L. - Sobre nosotros\" \/>\n<meta property=\"og:description\" content=\"En Transportes Vales Longueira, apostamos por el uso de las tecnolog\u00edas m\u00e1s avanzadas en nuestro d\u00eda a d\u00eda. Todos nuestros veh\u00edculos est\u00e1n geolocalizados.\" \/>\n<meta property=\"og:url\" content=\"https:\/\/valeslongueira.com\/gl\/sobre_nosotros\/\" \/>\n<meta property=\"og:site_name\" content=\"TVL\" \/>\n<meta property=\"article:publisher\" content=\"https:\/\/www.facebook.com\/profile.php?id=100057184070586\" \/>\n<meta property=\"article:modified_time\" content=\"2024-02-10T12:05:41+00:00\" \/>\n<meta property=\"og:image\" content=\"http:\/\/valeslongueira.com\/wp-content\/uploads\/2024\/02\/TVL_Sol-768x1024-1.jpg\" \/>\n<meta name=\"twitter:card\" content=\"summary_large_image\" \/>\n<meta name=\"twitter:label1\" content=\"Tempo de lectura\" \/>\n\t<meta name=\"twitter:data1\" content=\"4 minutos\" \/>\n<script type=\"application\/ld+json\" class=\"yoast-schema-graph\">{\"@context\":\"https:\/\/schema.org\",\"@graph\":[{\"@type\":[\"WebPage\",\"AboutPage\"],\"@id\":\"https:\/\/valeslongueira.com\/sobre_nosotros\/\",\"url\":\"https:\/\/valeslongueira.com\/sobre_nosotros\/\",\"name\":\"Transportes Vales Longueira S.L. - Sobre nosotros\",\"isPartOf\":{\"@id\":\"https:\/\/valeslongueira.com\/#website\"},\"primaryImageOfPage\":{\"@id\":\"https:\/\/valeslongueira.com\/sobre_nosotros\/#primaryimage\"},\"image\":{\"@id\":\"https:\/\/valeslongueira.com\/sobre_nosotros\/#primaryimage\"},\"thumbnailUrl\":\"http:\/\/valeslongueira.com\/wp-content\/uploads\/2024\/02\/TVL_Sol-768x1024-1.jpg\",\"datePublished\":\"2022-08-26T03:18:45+00:00\",\"dateModified\":\"2024-02-10T12:05:41+00:00\",\"description\":\"En Transportes Vales Longueira, apostamos por el uso de las tecnolog\u00edas m\u00e1s avanzadas en nuestro d\u00eda a d\u00eda. Todos nuestros veh\u00edculos est\u00e1n geolocalizados.\",\"breadcrumb\":{\"@id\":\"https:\/\/valeslongueira.com\/sobre_nosotros\/#breadcrumb\"},\"inLanguage\":\"gl-ES\",\"potentialAction\":[{\"@type\":\"ReadAction\",\"target\":[\"https:\/\/valeslongueira.com\/sobre_nosotros\/\"]}]},{\"@type\":\"ImageObject\",\"inLanguage\":\"gl-ES\",\"@id\":\"https:\/\/valeslongueira.com\/sobre_nosotros\/#primaryimage\",\"url\":\"http:\/\/valeslongueira.com\/wp-content\/uploads\/2024\/02\/TVL_Sol-768x1024-1.jpg\",\"contentUrl\":\"http:\/\/valeslongueira.com\/wp-content\/uploads\/2024\/02\/TVL_Sol-768x1024-1.jpg\"},{\"@type\":\"BreadcrumbList\",\"@id\":\"https:\/\/valeslongueira.com\/sobre_nosotros\/#breadcrumb\",\"itemListElement\":[{\"@type\":\"ListItem\",\"position\":1,\"name\":\"Portada\",\"item\":\"https:\/\/valeslongueira.com\/\"},{\"@type\":\"ListItem\",\"position\":2,\"name\":\"Sobre nosotros\"}]},{\"@type\":\"WebSite\",\"@id\":\"https:\/\/valeslongueira.com\/#website\",\"url\":\"https:\/\/valeslongueira.com\/\",\"name\":\"TVL\",\"description\":\"Transportes Vales Longueira S.L.\",\"publisher\":{\"@id\":\"https:\/\/valeslongueira.com\/#\/schema\/person\/1ccd260c84114a52d50214ecb6693a9d\"},\"potentialAction\":[{\"@type\":\"SearchAction\",\"target\":{\"@type\":\"EntryPoint\",\"urlTemplate\":\"https:\/\/valeslongueira.com\/?s={search_term_string}\"},\"query-input\":\"required name=search_term_string\"}],\"inLanguage\":\"gl-ES\"},{\"@type\":[\"Person\",\"Organization\"],\"@id\":\"https:\/\/valeslongueira.com\/#\/schema\/person\/1ccd260c84114a52d50214ecb6693a9d\",\"name\":\"Carlos Rey\",\"image\":{\"@type\":\"ImageObject\",\"inLanguage\":\"gl-ES\",\"@id\":\"https:\/\/valeslongueira.com\/#\/schema\/person\/image\/\",\"url\":\"http:\/\/valeslongueira.com\/wp-content\/uploads\/2023\/04\/logo_pancho.png\",\"contentUrl\":\"http:\/\/valeslongueira.com\/wp-content\/uploads\/2023\/04\/logo_pancho.png\",\"width\":357,\"height\":144,\"caption\":\"Carlos Rey\"},\"logo\":{\"@id\":\"https:\/\/valeslongueira.com\/#\/schema\/person\/image\/\"},\"sameAs\":[\"https:\/\/valeslongueira.com\",\"https:\/\/www.facebook.com\/profile.php?id=100057184070586\"]}]}<\/script>\n<!-- \/ Yoast SEO plugin. -->","yoast_head_json":{"title":"Transportes Vales Longueira S.L. - Sobre nosotros","description":"En Transportes Vales Longueira, apostamos por el uso de las tecnolog\u00edas m\u00e1s avanzadas en nuestro d\u00eda a d\u00eda. Todos nuestros veh\u00edculos est\u00e1n geolocalizados.","robots":{"index":"index","follow":"follow","max-snippet":"max-snippet:-1","max-image-preview":"max-image-preview:large","max-video-preview":"max-video-preview:-1"},"canonical":"https:\/\/valeslongueira.com\/gl\/sobre_nosotros\/","og_locale":"gl_ES","og_type":"article","og_title":"Transportes Vales Longueira S.L. - Sobre nosotros","og_description":"En Transportes Vales Longueira, apostamos por el uso de las tecnolog\u00edas m\u00e1s avanzadas en nuestro d\u00eda a d\u00eda. Todos nuestros veh\u00edculos est\u00e1n geolocalizados.","og_url":"https:\/\/valeslongueira.com\/gl\/sobre_nosotros\/","og_site_name":"TVL","article_publisher":"https:\/\/www.facebook.com\/profile.php?id=100057184070586","article_modified_time":"2024-02-10T12:05:41+00:00","og_image":[{"url":"http:\/\/valeslongueira.com\/wp-content\/uploads\/2024\/02\/TVL_Sol-768x1024-1.jpg"}],"twitter_card":"summary_large_image","twitter_misc":{"Tempo de lectura":"4 minutos"},"schema":{"@context":"https:\/\/schema.org","@graph":[{"@type":["WebPage","AboutPage"],"@id":"https:\/\/valeslongueira.com\/sobre_nosotros\/","url":"https:\/\/valeslongueira.com\/sobre_nosotros\/","name":"Transportes Vales Longueira S.L. - Sobre nosotros","isPartOf":{"@id":"https:\/\/valeslongueira.com\/#website"},"primaryImageOfPage":{"@id":"https:\/\/valeslongueira.com\/sobre_nosotros\/#primaryimage"},"image":{"@id":"https:\/\/valeslongueira.com\/sobre_nosotros\/#primaryimage"},"thumbnailUrl":"http:\/\/valeslongueira.com\/wp-content\/uploads\/2024\/02\/TVL_Sol-768x1024-1.jpg","datePublished":"2022-08-26T03:18:45+00:00","dateModified":"2024-02-10T12:05:41+00:00","description":"En Transportes Vales Longueira, apostamos por el uso de las tecnolog\u00edas m\u00e1s avanzadas en nuestro d\u00eda a d\u00eda. Todos nuestros veh\u00edculos est\u00e1n geolocalizados.","breadcrumb":{"@id":"https:\/\/valeslongueira.com\/sobre_nosotros\/#breadcrumb"},"inLanguage":"gl-ES","potentialAction":[{"@type":"ReadAction","target":["https:\/\/valeslongueira.com\/sobre_nosotros\/"]}]},{"@type":"ImageObject","inLanguage":"gl-ES","@id":"https:\/\/valeslongueira.com\/sobre_nosotros\/#primaryimage","url":"http:\/\/valeslongueira.com\/wp-content\/uploads\/2024\/02\/TVL_Sol-768x1024-1.jpg","contentUrl":"http:\/\/valeslongueira.com\/wp-content\/uploads\/2024\/02\/TVL_Sol-768x1024-1.jpg"},{"@type":"BreadcrumbList","@id":"https:\/\/valeslongueira.com\/sobre_nosotros\/#breadcrumb","itemListElement":[{"@type":"ListItem","position":1,"name":"Portada","item":"https:\/\/valeslongueira.com\/"},{"@type":"ListItem","position":2,"name":"Sobre nosotros"}]},{"@type":"WebSite","@id":"https:\/\/valeslongueira.com\/#website","url":"https:\/\/valeslongueira.com\/","name":"TVL","description":"Transportes Vales Longueira S.L.","publisher":{"@id":"https:\/\/valeslongueira.com\/#\/schema\/person\/1ccd260c84114a52d50214ecb6693a9d"},"potentialAction":[{"@type":"SearchAction","target":{"@type":"EntryPoint","urlTemplate":"https:\/\/valeslongueira.com\/?s={search_term_string}"},"query-input":"required name=search_term_string"}],"inLanguage":"gl-ES"},{"@type":["Person","Organization"],"@id":"https:\/\/valeslongueira.com\/#\/schema\/person\/1ccd260c84114a52d50214ecb6693a9d","name":"Carlos Rey","image":{"@type":"ImageObject","inLanguage":"gl-ES","@id":"https:\/\/valeslongueira.com\/#\/schema\/person\/image\/","url":"http:\/\/valeslongueira.com\/wp-content\/uploads\/2023\/04\/logo_pancho.png","contentUrl":"http:\/\/valeslongueira.com\/wp-content\/uploads\/2023\/04\/logo_pancho.png","width":357,"height":144,"caption":"Carlos Rey"},"logo":{"@id":"https:\/\/valeslongueira.com\/#\/schema\/person\/image\/"},"sameAs":["https:\/\/valeslongueira.com","https:\/\/www.facebook.com\/profile.php?id=100057184070586"]}]}},"_links":{"self":[{"href":"https:\/\/valeslongueira.com\/gl\/wp-json\/wp\/v2\/pages\/3921"}],"collection":[{"href":"https:\/\/valeslongueira.com\/gl\/wp-json\/wp\/v2\/pages"}],"about":[{"href":"https:\/\/valeslongueira.com\/gl\/wp-json\/wp\/v2\/types\/page"}],"author":[{"embeddable":true,"href":"https:\/\/valeslongueira.com\/gl\/wp-json\/wp\/v2\/users\/1"}],"replies":[{"embeddable":true,"href":"https:\/\/valeslongueira.com\/gl\/wp-json\/wp\/v2\/comments?post=3921"}],"version-history":[{"count":55,"href":"https:\/\/valeslongueira.com\/gl\/wp-json\/wp\/v2\/pages\/3921\/revisions"}],"predecessor-version":[{"id":4381,"href":"https:\/\/valeslongueira.com\/gl\/wp-json\/wp\/v2\/pages\/3921\/revisions\/4381"}],"wp:attachment":[{"href":"https:\/\/valeslongueira.com\/gl\/wp-json\/wp\/v2\/media?parent=3921"}],"curies":[{"name":"wp","href":"https:\/\/api.w.org\/{rel}","templated":true}]}}